{"id":1864,"date":"2025-09-15T05:52:00","date_gmt":"2025-09-15T05:52:00","guid":{"rendered":"https:\/\/feiyumachinery.com\/?page_id=1864"},"modified":"2025-10-28T03:15:24","modified_gmt":"2025-10-28T03:15:24","slug":"request-a-free-quote","status":"publish","type":"page","link":"https:\/\/feiyumachinery.com\/es\/request-a-free-quote","title":{"rendered":"Solicite un presupuesto gratuito"},"content":{"rendered":"\t\t<div data-elementor-type=\"wp-page\" data-elementor-id=\"1864\" class=\"elementor elementor-1864\" data-elementor-post-type=\"page\">\n\t\t\t\t<div class=\"elementor-element elementor-element-b2922fa e-flex e-con-boxed e-con e-parent\" data-id=\"b2922fa\" data-element_type=\"container\" data-e-type=\"container\" data-settings=\"{&quot;background_background&quot;:&quot;classic&quot;}\">\n\t\t\t\t\t<div class=\"e-con-inner\">\n\t\t\t\t<div class=\"elementor-element elementor-element-cb4a235 elementor-widget elementor-widget-heading\" data-id=\"cb4a235\" data-element_type=\"widget\" data-e-type=\"widget\" data-widget_type=\"heading.default\">\n\t\t\t\t\t<h1 class=\"elementor-heading-title elementor-size-default\">Request a Free Quote<\/h1>\t\t\t\t<\/div>\n\t\t\t\t<div class=\"elementor-element elementor-element-13acae0 elementor-widget elementor-widget-heading\" data-id=\"13acae0\" data-element_type=\"widget\" data-e-type=\"widget\" data-widget_type=\"heading.default\">\n\t\t\t\t\t<span class=\"elementor-heading-title elementor-size-default\">Tell us about your packaging needs, and we'll get back to you with the best solution.<\/span>\t\t\t\t<\/div>\n\t\t<div class=\"elementor-element elementor-element-0ec71df e-con-full e-flex e-con e-child\" data-id=\"0ec71df\" data-element_type=\"container\" data-e-type=\"container\" data-settings=\"{&quot;background_background&quot;:&quot;classic&quot;}\">\n\t\t\t\t<div class=\"elementor-element elementor-element-408acb9 elementor-widget__width-initial elementor-widget elementor-widget-shortcode\" data-id=\"408acb9\" data-element_type=\"widget\" data-e-type=\"widget\" data-widget_type=\"shortcode.default\">\n\t\t\t\t\t\t\t<div class=\"elementor-shortcode\"><div class='fluentform ff-default fluentform_wrapper_6 ffs_default_wrap'><form data-form_id=\"6\" id=\"fluentform_6\" class=\"frm-fluent-form fluent_form_6 ff-el-form-top ff_form_instance_6_1 ff-form-loading ffs_default\" data-form_instance=\"ff_form_instance_6_1\" method=\"POST\" ><fieldset  style=\"border: none!important;margin: 0!important;padding: 0!important;background-color: transparent!important;box-shadow: none!important;outline: none!important; min-inline-size: 100%;\">\n                    <legend class=\"ff_screen_reader_title\" style=\"display: block; margin: 0!important;padding: 0!important;height: 0!important;text-indent: -999999px;width: 0!important;overflow:hidden;\">Request a Free Quote\u4e13\u9875<\/legend>        <div\n                style=\"display: none!important; position: absolute!important; transform: translateX(1000%)!important;\"\n                class=\"ff-el-group ff-hpsf-container\"\n        >\n            <div class=\"ff-el-input--label asterisk-right\">\n                <label for=\"ff_6_item_sf\" aria-label=\"Newsletter\">\n                    Newsletter                <\/label>\n            <\/div>\n            <div class=\"ff-el-input--content\">\n                <input type=\"text\"\n                       name=\"item_6__fluent_sf\"\n                       class=\"ff-el-form-control\"\n                       id=\"ff_6_item_sf\"\n                \/>\n            <\/div>\n        <\/div>\n                <input type=\"hidden\" id=\"__fluent_protection_token_6\" class=\"fluent-form-token-field\" name=\"__fluent_protection_token_6\">\n        <input type='hidden' name='__fluent_form_embded_post_id' value='1864' \/><input type=\"hidden\" id=\"_fluentform_6_fluentformnonce\" name=\"_fluentform_6_fluentformnonce\" value=\"d924577c98\" \/><input type=\"hidden\" name=\"_wp_http_referer\" value=\"\/es\/wp-json\/wp\/v2\/pages\/1864\" \/><div data-name=\"ff_cn_id_1\"  class='ff-t-container ff-column-container ff_columns_total_2 '><div class='ff-t-cell ff-t-column-1' style='flex-basis: 50%;'><div data-type=\"name-element\" data-name=\"name\" class=\" ff-field_container ff-name-field-wrapper\" ><div class='ff-t-container'><div class='ff-t-cell '><div class='ff-el-group  ff-el-form-hide_label'><div class=\"ff-el-input--label ff-el-is-required asterisk-right\"><label for='ff_6_name_first_name_' id='label_ff_6_name_first_name_' >Name<\/label><\/div><div class='ff-el-input--content'><input type=\"text\" name=\"name[first_name]\" id=\"ff_6_name_first_name_\" class=\"ff-el-form-control\" placeholder=\"Name\" aria-invalid=\"false\" aria-required=true><\/div><\/div><\/div><\/div><\/div><\/div><div class='ff-t-cell ff-t-column-2' style='flex-basis: 50%;'><div class='ff-el-group ff-el-form-hide_label'><div class=\"ff-el-input--label ff-el-is-required asterisk-right\"><label for='ff_6_email' id='label_ff_6_email' aria-label=\"Email\">Email<\/label><\/div><div class='ff-el-input--content'><input type=\"email\" name=\"email\" id=\"ff_6_email\" class=\"ff-el-form-control\" placeholder=\"Email\" data-name=\"email\"  aria-invalid=\"false\" aria-required=true><\/div><\/div><\/div><\/div><div data-name=\"ff_cn_id_2\"  class='ff-t-container ff-column-container ff_columns_total_2 '><div class='ff-t-cell ff-t-column-1' style='flex-basis: 50%;'><div class='ff-el-group ff-el-form-hide_label'><div class=\"ff-el-input--label asterisk-right\"><label for='ff_6_phone' id='label_ff_6_phone' aria-label=\"Phone\/WhatsApp\">Phone\/WhatsApp<\/label><\/div><div class='ff-el-input--content'><input name=\"phone\" class=\"ff-el-form-control ff-el-phone\" type=\"tel\" placeholder=\"Phone\/WhatsApp\" data-name=\"phone\" id=\"ff_6_phone\" inputmode=\"tel\"  aria-invalid='false' aria-required=false><\/div><\/div><\/div><div class='ff-t-cell ff-t-column-2' style='flex-basis: 50%;'><div class='ff-el-group ff-el-form-hide_label'><div class=\"ff-el-input--label asterisk-right\"><label for='ff_6_company' id='label_ff_6_company' aria-label=\"Company\">Company<\/label><\/div><div class='ff-el-input--content'><input type=\"text\" name=\"company\" class=\"ff-el-form-control\" placeholder=\"Company\" data-name=\"company\" id=\"ff_6_company\"  aria-invalid=\"false\" aria-required=false><\/div><\/div><\/div><\/div><div class='ff-el-group ff-el-form-hide_label'><div class=\"ff-el-input--label asterisk-right\"><label for='ff_6_Country' id='label_ff_6_Country' aria-label=\"Country\">Country<\/label><\/div><div class='ff-el-input--content'><select name=\"Country\" id=\"ff_6_Country\" class=\"ff-el-form-control\" placeholder=\"Country\" data-name=\"Country\" aria-invalid='false' aria-required=false><option value=''>Country<\/option><option value='AF' >Afganist\u00e1n<\/option><option value='AL' >Albania<\/option><option value='DE' >Alemania<\/option><option value='AD' >Andorra<\/option><option value='AO' >Angola<\/option><option value='AI' >Anguilla<\/option><option value='AG' >Antigua y Barbuda<\/option><option value='AQ' >Ant\u00e1rtida<\/option><option value='SA' >Arabia Saudita<\/option><option value='DZ' >Argelia<\/option><option value='AR' >Argentina<\/option><option value='AM' >Armenia<\/option><option value='AW' >Aruba<\/option><option value='AU' >Australia<\/option><option value='AT' >Austria<\/option><option value='AZ' >Azerbaijan<\/option><option value='BS' >Bahamas<\/option><option value='BH' >Bahrain<\/option><option value='BD' >Bangladesh<\/option><option value='BB' >Barbados<\/option><option value='BZ' >Belize<\/option><option value='BJ' >Benin<\/option><option value='BM' >Bermuda<\/option><option value='BT' >Bhutan<\/option><option value='BY' >Bielorrusia<\/option><option value='MM' >Birmania<\/option><option value='BO' >Bolivia<\/option><option value='BQ' >Bonaire, San Eustaquio y Saba<\/option><option value='BA' >Bosnia y Herzegovina<\/option><option value='BW' >Botswana<\/option><option value='BR' >Brasil<\/option><option value='BN' >Brun\u00e9i<\/option><option value='BG' >Bulgaria<\/option><option value='BF' >Burkina Faso<\/option><option value='BI' >Burundi<\/option><option value='BE' >B\u00e9lgica<\/option><option value='CV' >Cabo Verde<\/option><option value='KH' >Camboya<\/option><option value='CM' >Camer\u00fan<\/option><option value='CA' >Canad\u00e1<\/option><option value='TD' >Chad<\/option><option value='CL' >Chile<\/option><option value='CN' >China<\/option><option value='CY' >Chipre<\/option><option value='VA' >Ciudad del Vaticano<\/option><option value='CO' >Colombia<\/option><option value='KM' >Comoras<\/option><option value='KP' >Corea del Norte<\/option><option value='KR' >Corea del Sur<\/option><option value='CR' >Costa Rica<\/option><option value='CI' >Costa de Marfil<\/option><option value='HR' >Croacia<\/option><option value='CU' >Cuba<\/option><option value='CW' >Cura\u00e7ao<\/option><option value='DK' >Dinamarca<\/option><option value='DJ' >Djibouti<\/option><option value='DM' >Dominica<\/option><option value='EC' >Ecuador<\/option><option value='EG' >Egipto<\/option><option value='SV' >El Salvador<\/option><option value='AE' >Emiratos \u00c1rabes Unidos<\/option><option value='ER' >Eritrea<\/option><option value='SK' >Eslovaquia<\/option><option value='SI' >Eslovenia<\/option><option value='ES' >Espa\u00f1a<\/option><option value='VI' >Estados Unidos (EE.UU.) Islas V\u00edrgenes<\/option><option value='US' >Estados Unidos (EEUU)<\/option><option value='EE' >Estonia<\/option><option value='SZ' >Eswatini<\/option><option value='ET' >Etiop\u00eda<\/option><option value='PH' >Filipinas<\/option><option value='FI' >Finlandia<\/option><option value='FJ' >Fiyi<\/option><option value='FR' >Francia<\/option><option value='GA' >Gab\u00f3n<\/option><option value='GM' >Gambia<\/option><option value='GE' >Georgia<\/option><option value='GH' >Ghana<\/option><option value='GI' >Gibraltar<\/option><option value='GD' >Granada<\/option><option value='GR' >Grecia<\/option><option value='GL' >Groenlandia<\/option><option value='GP' >Guadalupe<\/option><option value='GU' >Guam<\/option><option value='GT' >Guatemala<\/option><option value='GF' >Guayana Francesa<\/option><option value='GG' >Guernsey<\/option><option value='GN' >Guinea<\/option><option value='GQ' >Guinea Ecuatorial<\/option><option value='GW' >Guinea-Bis\u00e1u<\/option><option value='GY' >Guyana<\/option><option value='HT' >Hait\u00ed<\/option><option value='HN' >Honduras<\/option><option value='HK' >Hong Kong<\/option><option value='HU' >Hungr\u00eda<\/option><option value='IN' >India<\/option><option value='ID' >Indonesia<\/option><option value='IQ' >Irak<\/option><option value='IE' >Irlanda<\/option><option value='IR' >Ir\u00e1n<\/option><option value='BV' >Isla Bouvet<\/option><option value='NF' >Isla Norfolk<\/option><option value='SH' >Isla Santa Elena<\/option><option value='IM' >Isla de Man<\/option><option value='CX' >Isla de Navidad<\/option><option value='IS' >Islandia<\/option><option value='AX' >Islas Aland<\/option><option value='KY' >Islas Caim\u00e1n<\/option><option value='CC' >Islas Cocos<\/option><option value='CK' >Islas Cook<\/option><option value='FO' >Islas Feroe<\/option><option value='GS' >Islas Georgias y Sandwich del Sur<\/option><option value='HM' >Islas Heard y McDonald<\/option><option value='FK' >Islas Malvinas<\/option><option value='MP' >Islas Marianas del Norte<\/option><option value='MH' >Islas Marshall<\/option><option value='SB' >Islas Salom\u00f3n<\/option><option value='TC' >Islas Turcas y Caicos<\/option><option value='VG' >Islas V\u00edrgenes Brit\u00e1nicas<\/option><option value='UM' >Islas de ultramar menores de Estados Unidos (EEUU)<\/option><option value='IL' >Israel<\/option><option value='IT' >Italia<\/option><option value='JM' >Jamaica<\/option><option value='JP' >Jap\u00f3n<\/option><option value='JE' >Jersey<\/option><option value='JO' >Jordania<\/option><option value='KZ' >Kazajist\u00e1n<\/option><option value='KE' >Kenia<\/option><option value='KG' >Kirguist\u00e1n<\/option><option value='KI' >Kiribati<\/option><option value='XK' >Kosovo<\/option><option value='KW' >Kuwait<\/option><option value='LA' >Laos<\/option><option value='LS' >Lesoto<\/option><option value='LV' >Letonia<\/option><option value='LR' >Liberia<\/option><option value='LY' >Libia<\/option><option value='LI' >Liechtenstein<\/option><option value='LT' >Lituania<\/option><option value='LU' >Luxemburgo<\/option><option value='LB' >L\u00edbano<\/option><option value='MO' >Macao<\/option><option value='MG' >Madagascar<\/option><option value='MY' >Malasia<\/option><option value='MW' >Malaui<\/option><option value='MV' >Maldivas<\/option><option value='MT' >Malta<\/option><option value='ML' >Mal\u00ed<\/option><option value='MA' >Marruecos<\/option><option value='MQ' >Martinica<\/option><option value='MU' >Mauricio<\/option><option value='MR' >Mauritania<\/option><option value='YT' >Mayotte<\/option><option value='FM' >Micronesia<\/option><option value='MD' >Moldavia<\/option><option value='MN' >Mongolia<\/option><option value='ME' >Montenegro<\/option><option value='MS' >Montserrat<\/option><option value='MZ' >Mozambique<\/option><option value='MX' >M\u00e9xico<\/option><option value='MC' >M\u00f3naco<\/option><option value='NA' >Namibia<\/option><option value='NR' >Nauru<\/option><option value='NP' >Nepal<\/option><option value='NI' >Nicaragua<\/option><option value='NG' >Nigeria<\/option><option value='NU' >Niue<\/option><option value='MK' >North Macedonia<\/option><option value='NO' >Noruega<\/option><option value='NC' >Nueva Caledonia<\/option><option value='NZ' >Nueva Zelanda<\/option><option value='NE' >N\u00edger<\/option><option value='OM' >Om\u00e1n<\/option><option value='PK' >Pakist\u00e1n<\/option><option value='PW' >Palau<\/option><option value='PA' >Panam\u00e1<\/option><option value='PG' >Pap\u00faa Nueva Guinea<\/option><option value='PY' >Paraguay<\/option><option value='NL' >Pa\u00edses Bajos<\/option><option value='PE' >Per\u00fa<\/option><option value='PN' >Pitcairn<\/option><option value='PF' >Polinesia Francesa<\/option><option value='PL' >Polonia<\/option><option value='PT' >Portugal<\/option><option value='PR' >Puerto Rico<\/option><option value='QA' >Qatar<\/option><option value='GB' >Reino Unido (UK)<\/option><option value='CF' >Rep\u00fablica Centroafricana<\/option><option value='CZ' >Rep\u00fablica Checa<\/option><option value='CD' >Rep\u00fablica Democr\u00e1tica del Congo (Kinshasa)<\/option><option value='DO' >Rep\u00fablica Dominicana<\/option><option value='CG' >Rep\u00fablica del Congo (Brazzaville)<\/option><option value='RE' >Reuni\u00f3n<\/option><option value='RW' >Ruanda<\/option><option value='RO' >Rumania<\/option><option value='RU' >Rusia<\/option><option value='EH' >Sahara Occidental<\/option><option value='BL' >Saint Barth\u00e9lemy<\/option><option value='WS' >Samoa<\/option><option value='AS' >Samoa Americana<\/option><option value='KN' >San Crist\u00f3bal y Nieves<\/option><option value='SM' >San Marino<\/option><option value='SX' >San Mart\u00edn (Pa\u00edses Bajos)<\/option><option value='MF' >San Mart\u00edn (parte de Francia)<\/option><option value='PM' >San Pedro y Miquel\u00f3n<\/option><option value='VC' >San Vicente y las Granadinas<\/option><option value='LC' >Santa Luc\u00eda<\/option><option value='ST' >Santo Tom\u00e9 y Pr\u00edncipe<\/option><option value='SN' >Senegal<\/option><option value='RS' >Serbia<\/option><option value='SC' >Seychelles<\/option><option value='SL' >Sierra Leona<\/option><option value='SG' >Singapur<\/option><option value='SY' >Siria<\/option><option value='SO' >Somalia<\/option><option value='LK' >Sri Lanka<\/option><option value='ZA' >Sud\u00e1frica<\/option><option value='SD' >Sud\u00e1n<\/option><option value='SS' >Sud\u00e1n del Sur<\/option><option value='SE' >Suecia<\/option><option value='CH' >Suiza<\/option><option value='SR' >Surinam<\/option><option value='SJ' >Svalbard y Jan Mayen<\/option><option value='TH' >Tailandia<\/option><option value='TW' >Taiw\u00e1n<\/option><option value='TZ' >Tanzania<\/option><option value='TJ' >Tayikist\u00e1n<\/option><option value='IO' >Territorio Brit\u00e1nico del Oc\u00e9ano \u00cdndico<\/option><option value='PS' >Territorios Palestinos<\/option><option value='TF' >Territorios australes franceses<\/option><option value='TL' >Timor Oriental<\/option><option value='TG' >Togo<\/option><option value='TK' >Tokelau<\/option><option value='TO' >Tonga<\/option><option value='TT' >Trinidad y Tobago<\/option><option value='TM' >Turkmenist\u00e1n<\/option><option value='TV' >Tuvalu<\/option><option value='TN' >T\u00fanez<\/option><option value='TR' >T\u00fcrkiye<\/option><option value='UA' >Ucrania<\/option><option value='UG' >Uganda<\/option><option value='UY' >Uruguay<\/option><option value='UZ' >Uzbekist\u00e1n<\/option><option value='VU' >Vanuatu<\/option><option value='VE' >Venezuela<\/option><option value='VN' >Vietnam<\/option><option value='WF' >Wallis y Futuna<\/option><option value='YE' >Yemen<\/option><option value='ZM' >Zambia<\/option><option value='ZW' >Zimbabue<\/option><\/select><\/div><\/div><div class='ff-el-group ff-el-form-hide_label'><div class=\"ff-el-input--label asterisk-right\"><label for='ff_6_Select_Product_Category' id='label_ff_6_Select_Product_Category' aria-label=\"Select Product Category\">Select Product Category<\/label><\/div><div class='ff-el-input--content'><select name=\"Select_Product_Category\" id=\"ff_6_Select_Product_Category\" class=\"ff-el-form-control\" data-name=\"Select_Product_Category\" data-calc_value=\"0\"  aria-invalid=\"false\" aria-required=\"false\" aria-labelledby=\"label_ff_6_Select_Product_Category\"><option value=\"\">Select Product Category<\/option><option value=\"Screws\"  >Screws<\/option><option value=\"Fasteners\"  >Fasteners<\/option><option value=\"Hardware\"  >Hardware<\/option><option value=\"Plastic Parts\"  >Plastic Parts<\/option><option value=\"Other\"  >Other<\/option><\/select><\/div><\/div><div class='ff-el-group ff-el-form-hide_label'><div class=\"ff-el-input--label asterisk-right\"><label for='ff_6_Packaging_Type' id='label_ff_6_Packaging_Type' aria-label=\"Packaging Type\">Packaging Type<\/label><\/div><div class='ff-el-input--content'><select name=\"Packaging_Type\" id=\"ff_6_Packaging_Type\" class=\"ff-el-form-control\" data-name=\"Packaging_Type\" data-calc_value=\"0\"  aria-invalid=\"false\" aria-required=\"false\" aria-labelledby=\"label_ff_6_Packaging_Type\"><option value=\"\">Packaging Type<\/option><option value=\"Bagging\"  >Bagging<\/option><option value=\"Boxing\"  >Boxing<\/option><option value=\"Counting\"  >Counting<\/option><option value=\"Weighing\"  >Weighing<\/option><option value=\"Single pack\"  >Single pack<\/option><option value=\"Mixed pack\"  >Mixed pack<\/option><\/select><\/div><\/div><div class='ff-el-group ff-el-form-hide_label'><div class=\"ff-el-input--label asterisk-right\"><label for='ff_6_input_text' id='label_ff_6_input_text' aria-label=\"Text Input\">Text Input<\/label><\/div><div class='ff-el-input--content'><input type=\"text\" name=\"input_text\" class=\"ff-el-form-control\" placeholder=\"Estimated Quantity (per day\/month)\" data-name=\"input_text\" id=\"ff_6_input_text\"  aria-invalid=\"false\" aria-required=false><\/div><\/div><div class='ff-el-group ff-el-form-hide_label'><div class=\"ff-el-input--label ff-el-is-required asterisk-right\"><label for='ff_6_Packaging_requirements' id='label_ff_6_Packaging_requirements' aria-label=\"Packaging requirements\">Packaging requirements<\/label><\/div><div class='ff-el-input--content'><textarea aria-required=\"true\" aria-labelledby=\"label_ff_6_Packaging_requirements\" name=\"Packaging_requirements\" id=\"ff_6_Packaging_requirements\" class=\"ff-el-form-control\" placeholder=\"Packaging requirements\" rows=\"3\" cols=\"2\" data-name=\"Packaging_requirements\" ><\/textarea><\/div><\/div><div class='ff-el-group ff-text-center ff_submit_btn_wrapper'><button type=\"submit\" class=\"ff-btn ff-btn-submit ff-btn-md ff_btn_style wpf_has_custom_css\"  aria-label=\"Submit Form\">Submit Form<\/button><\/div><\/fieldset><\/form><div id='fluentform_6_errors' class='ff-errors-in-stack ff_form_instance_6_1 ff-form-loading_errors ff_form_instance_6_1_errors'><\/div><\/div>            <script type=\"text\/javascript\">\n                window.fluent_form_ff_form_instance_6_1 = {\"id\":\"6\",\"settings\":{\"layout\":{\"labelPlacement\":\"top\",\"helpMessagePlacement\":\"with_label\",\"errorMessagePlacement\":\"inline\",\"cssClassName\":\"\",\"asteriskPlacement\":\"asterisk-right\"},\"restrictions\":{\"denyEmptySubmission\":{\"enabled\":false}}},\"form_instance\":\"ff_form_instance_6_1\",\"form_id_selector\":\"fluentform_6\",\"rules\":{\"name[first_name]\":{\"required\":{\"value\":true,\"message\":\"This field is required\",\"global\":false,\"global_message\":\"This field is required\"}},\"name[middle_name]\":{\"required\":{\"value\":false,\"message\":\"This field is required\",\"global\":false,\"global_message\":\"This field is required\"}},\"name[last_name]\":{\"required\":{\"value\":false,\"message\":\"This field is required\",\"global\":false,\"global_message\":\"This field is required\"}},\"email\":{\"required\":{\"value\":true,\"message\":\"This field is required\",\"global\":false,\"global_message\":\"This field is required\"},\"email\":{\"value\":true,\"message\":\"This field must contain a valid email\",\"global\":false,\"global_message\":\"This field must contain a valid email\"}},\"phone\":{\"required\":{\"value\":false,\"global\":true,\"message\":\"This field is required\",\"global_message\":\"This field is required\"},\"valid_phone_number\":{\"value\":false,\"global\":true,\"message\":\"Phone number is not valid\",\"global_message\":\"Phone number is not valid\"}},\"company\":{\"required\":{\"value\":false,\"message\":\"This field is required\",\"global_message\":\"This field is required\",\"global\":true}},\"Country\":{\"required\":{\"value\":false,\"message\":\"This field is required\",\"global_message\":\"This field is required\",\"global\":true}},\"Select_Product_Category\":{\"required\":{\"value\":false,\"message\":\"This field is required\",\"global_message\":\"This field is required\",\"global\":true}},\"Packaging_Type\":{\"required\":{\"value\":false,\"message\":\"This field is required\",\"global_message\":\"This field is required\",\"global\":true}},\"input_text\":{\"required\":{\"value\":false,\"message\":\"This field is required\",\"global_message\":\"This field is required\",\"global\":true}},\"Packaging_requirements\":{\"required\":{\"value\":true,\"message\":\"This field is required\",\"global_message\":\"This field is required\",\"global\":true}}},\"debounce_time\":300,\"conditionals\":{\"name\":{\"type\":\"any\",\"status\":true,\"conditions\":[{\"field\":\"\",\"value\":\"\",\"operator\":\"\"}],\"condition_groups\":[{\"rules\":[{\"field\":\"\",\"value\":\"\",\"operator\":\"\"}],\"title\":\"\",\"isEditingTitle\":false,\"isPreviewOpen\":false,\"isGroupOpen\":true}]}}};\n                            <\/script>\n            <\/div>\n\t\t\t\t\t\t<\/div>\n\t\t\t\t<\/div>\n\t\t\t\t\t<\/div>\n\t\t\t\t<\/div>\n\t\t\t\t<\/div>\n\t\t","protected":false},"excerpt":{"rendered":"<p>Request a Free Quote Tell us about your packaging needs, and we&#8217;ll get back to you with the best solution.<\/p>","protected":false},"author":1,"featured_media":0,"parent":0,"menu_order":4,"comment_status":"closed","ping_status":"closed","template":"","meta":{"_acf_changed":false,"site-sidebar-layout":"no-sidebar","site-content-layout":"","ast-site-content-layout":"full-width-container","site-content-style":"default","site-sidebar-style":"default","ast-global-header-display":"","ast-banner-title-visibility":"","ast-main-header-display":"","ast-hfb-above-header-display":"","ast-hfb-below-header-display":"","ast-hfb-mobile-header-display":"","site-post-title":"disabled","ast-breadcrumbs-content":"","ast-featured-img":"disabled","footer-sml-layout":"","ast-disable-related-posts":"","theme-transparent-header-meta":"","adv-header-id-meta":"","stick-header-meta":"","header-above-stick-meta":"","header-main-stick-meta":"","header-below-stick-meta":"","astra-migrate-meta-layouts":"default","ast-page-background-enabled":"default","ast-page-background-meta":{"desktop":{"background-color":"var(--ast-global-color-5)","background-image":"","background-repeat":"repeat","background-position":"center center","background-size":"auto","background-attachment":"scroll","background-type":"","background-media":"","overlay-type":"","overlay-color":"","overlay-opacity":"","overlay-gradient":""},"tablet":{"background-color":"","background-image":"","background-repeat":"repeat","background-position":"center center","background-size":"auto","background-attachment":"scroll","background-type":"","background-media":"","overlay-type":"","overlay-color":"","overlay-opacity":"","overlay-gradient":""},"mobile":{"background-color":"","background-image":"","background-repeat":"repeat","background-position":"center center","background-size":"auto","background-attachment":"scroll","background-type":"","background-media":"","overlay-type":"","overlay-color":"","overlay-opacity":"","overlay-gradient":""}},"ast-content-background-meta":{"desktop":{"background-color":"var(--ast-global-color-4)","background-image":"","background-repeat":"repeat","background-position":"center center","background-size":"auto","background-attachment":"scroll","background-type":"","background-media":"","overlay-type":"","overlay-color":"","overlay-opacity":"","overlay-gradient":""},"tablet":{"background-color":"var(--ast-global-color-4)","background-image":"","background-repeat":"repeat","background-position":"center center","background-size":"auto","background-attachment":"scroll","background-type":"","background-media":"","overlay-type":"","overlay-color":"","overlay-opacity":"","overlay-gradient":""},"mobile":{"background-color":"var(--ast-global-color-4)","background-image":"","background-repeat":"repeat","background-position":"center center","background-size":"auto","background-attachment":"scroll","background-type":"","background-media":"","overlay-type":"","overlay-color":"","overlay-opacity":"","overlay-gradient":""}},"footnotes":""},"class_list":["post-1864","page","type-page","status-publish","hentry"],"acf":[],"_links":{"self":[{"href":"https:\/\/feiyumachinery.com\/es\/wp-json\/wp\/v2\/pages\/1864","targetHints":{"allow":["GET"]}}],"collection":[{"href":"https:\/\/feiyumachinery.com\/es\/wp-json\/wp\/v2\/pages"}],"about":[{"href":"https:\/\/feiyumachinery.com\/es\/wp-json\/wp\/v2\/types\/page"}],"author":[{"embeddable":true,"href":"https:\/\/feiyumachinery.com\/es\/wp-json\/wp\/v2\/users\/1"}],"replies":[{"embeddable":true,"href":"https:\/\/feiyumachinery.com\/es\/wp-json\/wp\/v2\/comments?post=1864"}],"version-history":[{"count":0,"href":"https:\/\/feiyumachinery.com\/es\/wp-json\/wp\/v2\/pages\/1864\/revisions"}],"wp:attachment":[{"href":"https:\/\/feiyumachinery.com\/es\/wp-json\/wp\/v2\/media?parent=1864"}],"curies":[{"name":"wp","href":"https:\/\/api.w.org\/{rel}","templated":true}]}}